{"id":797,"date":"2020-06-24T12:51:36","date_gmt":"2020-06-24T12:51:36","guid":{"rendered":"https:\/\/www.2e-bureau.com\/a-propos-2\/"},"modified":"2024-02-06T09:34:09","modified_gmt":"2024-02-06T09:34:09","slug":"the-office","status":"publish","type":"page","link":"https:\/\/www.2e-bureau.com\/en\/the-office\/","title":{"rendered":"The Office"},"content":{"rendered":"\n<p>2e\nBUREAU, communication to a large extent<\/p>\n\n\n\n<p>2e BUREAU: the partner at your side to develop your image and notoriety.<br>Ten permanent employees with complementary skills make up our team. Personalities from diverse backgrounds &#8211; richer in their backgrounds than in their academic baggage &#8211; mobilized for the diffusion of culture.<br>Our DNA is in the mix of genres, the crossing of disciplines and universes. We strive to understand the world, analyze flows, observe behaviors and combine skills to support decision-makers and actors in culture and creation, whether in the public or private sector. Committed, we defend each one of them to develop their notoriety and their image.<\/p>\n\n\n\n<p>Created\nin 1984 by Sylvie Grumbach, 2e BUREAU can rely on 36 years of experience in\ncommunication. A communication at the service of fashion, contemporary art,\nphotography, design, architecture, literature, documentary film as well as\nvarious humanitarian causes.<\/p>\n\n\n\n<p>Communication\nconsulting, strategy implementation, development of tailor-made tools, press\nrelations, creation of specific files, writing, public relations, logistics,\ncoordination&#8230; We maintain a permanent dialogue with the press and social\nnetworks, which recognize us as a key player in the world of culture.<\/p>\n\n\n\n<p>Sylvie Grumbach<br>Martial Hobeniche<br>Marie-Laure Girardon<br>Nikita Eidenweil<br>Mathilde Sandlarz<br>Marie-Ren\u00e9 de La Guillonni\u00e8re<br>Val\u00e9rie Bourgois<\/p>\n\n\n\n<p><\/p>\n","protected":false},"excerpt":{"rendered":"<p>2e BUREAU, communication to a large extent 2e BUREAU: the partner at your side to develop your image and notoriety.Ten permanent employees with complementary skills make up our team. Personalities from diverse backgrounds &#8211; richer in their backgrounds than in their academic baggage &#8211; mobilized for the diffusion of culture.Our DNA is in the mix [&hellip;]<\/p>\n","protected":false},"author":1,"featured_media":0,"parent":0,"menu_order":0,"comment_status":"closed","ping_status":"closed","template":"","meta":{"_acf_changed":false,"footnotes":""},"class_list":["post-797","page","type-page","status-publish","hentry"],"acf":[],"_links":{"self":[{"href":"https:\/\/www.2e-bureau.com\/en\/wp-json\/wp\/v2\/pages\/797","targetHints":{"allow":["GET"]}}],"collection":[{"href":"https:\/\/www.2e-bureau.com\/en\/wp-json\/wp\/v2\/pages"}],"about":[{"href":"https:\/\/www.2e-bureau.com\/en\/wp-json\/wp\/v2\/types\/page"}],"author":[{"embeddable":true,"href":"https:\/\/www.2e-bureau.com\/en\/wp-json\/wp\/v2\/users\/1"}],"replies":[{"embeddable":true,"href":"https:\/\/www.2e-bureau.com\/en\/wp-json\/wp\/v2\/comments?post=797"}],"version-history":[{"count":8,"href":"https:\/\/www.2e-bureau.com\/en\/wp-json\/wp\/v2\/pages\/797\/revisions"}],"predecessor-version":[{"id":29546,"href":"https:\/\/www.2e-bureau.com\/en\/wp-json\/wp\/v2\/pages\/797\/revisions\/29546"}],"wp:attachment":[{"href":"https:\/\/www.2e-bureau.com\/en\/wp-json\/wp\/v2\/media?parent=797"}],"curies":[{"name":"wp","href":"https:\/\/api.w.org\/{rel}","templated":true}]}}